{"id":6433,"date":"2023-11-08T16:39:05","date_gmt":"2023-11-08T15:39:05","guid":{"rendered":"https:\/\/hotelcasarose.fr\/shooting-and-tournage\/"},"modified":"2023-11-08T17:07:33","modified_gmt":"2023-11-08T16:07:33","slug":"shooting-and-tournage","status":"publish","type":"page","link":"https:\/\/hotelcasarose.fr\/en\/shooting-and-tournage\/","title":{"rendered":"Shooting and tournage"},"content":{"rendered":"\t\t<div data-elementor-type=\"wp-page\" data-elementor-id=\"6433\" class=\"elementor elementor-6433 elementor-6422\" data-elementor-post-type=\"page\">\n\t\t\t\t<div class=\"elementor-element elementor-element-411b2895 e-flex e-con-boxed e-con e-parent\" data-id=\"411b2895\" data-element_type=\"container\" data-e-type=\"container\" data-settings=\"{&quot;jet_parallax_layout_list&quot;:[]}\">\n\t\t\t\t\t<div class=\"e-con-inner\">\n\t\t<div class=\"elementor-element elementor-element-3ab3c1aa e-con-full e-flex e-con e-parent\" data-id=\"3ab3c1aa\" data-element_type=\"container\" data-e-type=\"container\" data-settings=\"{&quot;jet_parallax_layout_list&quot;:[]}\">\n\t\t\t\t<div class=\"elementor-element elementor-element-7bb8e5cb elementor-widget elementor-widget-heading\" data-id=\"7bb8e5cb\" data-element_type=\"widget\" data-e-type=\"widget\" data-widget_type=\"heading.default\">\n\t\t\t\t<div class=\"elementor-widget-container\">\n\t\t\t\t\t<h1 class=\"elementor-heading-title elementor-size-default\">Shooting &amp; Tournage<\/h1>\t\t\t\t<\/div>\n\t\t\t\t<\/div>\n\t\t\t\t<div class=\"elementor-element elementor-element-aa55898 elementor-widget elementor-widget-text-editor\" data-id=\"aa55898\" data-element_type=\"widget\" data-e-type=\"widget\" data-widget_type=\"text-editor.default\">\n\t\t\t\t<div class=\"elementor-widget-container\">\n\t\t\t\t\t\t\t\t\tReady to shoot !\t\t\t\t\t\t\t\t<\/div>\n\t\t\t\t<\/div>\n\t\t\t\t<div class=\"elementor-element elementor-element-4096f7e7 elementor-widget elementor-widget-text-editor\" data-id=\"4096f7e7\" data-element_type=\"widget\" data-e-type=\"widget\" data-widget_type=\"text-editor.default\">\n\t\t\t\t<div class=\"elementor-widget-container\">\n\t\t\t\t\t\t\t\t\t<p>With its colourful rooms and vintage furniture selected by the interior designer Fran\u00e7ois Dumas, Hotel Casarose is the ideal location for film and photo shoots.<\/p>\t\t\t\t\t\t\t\t<\/div>\n\t\t\t\t<\/div>\n\t\t\t\t<div class=\"elementor-element elementor-element-b169f5e elementor-widget elementor-widget-text-editor\" data-id=\"b169f5e\" data-element_type=\"widget\" data-e-type=\"widget\" data-widget_type=\"text-editor.default\">\n\t\t\t\t<div class=\"elementor-widget-container\">\n\t\t\t\t\t\t\t\t\t<p>With its retro-Californian style, colourful stripes, XXL surf posters and lush vegetation, an extraordinary scene is set.<\/p>\t\t\t\t\t\t\t\t<\/div>\n\t\t\t\t<\/div>\n\t\t<div class=\"elementor-element elementor-element-4d736ed7 e-flex e-con-boxed e-con e-parent\" data-id=\"4d736ed7\" data-element_type=\"container\" data-e-type=\"container\" data-settings=\"{&quot;jet_parallax_layout_list&quot;:[]}\">\n\t\t\t\t\t<div class=\"e-con-inner\">\n\t\t\t\t<div class=\"elementor-element elementor-element-254a623d elementor-widget elementor-widget-heading\" data-id=\"254a623d\" data-element_type=\"widget\" data-e-type=\"widget\" data-widget_type=\"heading.default\">\n\t\t\t\t<div class=\"elementor-widget-container\">\n\t\t\t\t\t<h2 class=\"elementor-heading-title elementor-size-default\">Contact us<\/h2>\t\t\t\t<\/div>\n\t\t\t\t<\/div>\n\t\t\t\t<div class=\"elementor-element elementor-element-68b4d28d elementor-widget elementor-widget-button\" data-id=\"68b4d28d\" data-element_type=\"widget\" data-e-type=\"widget\" data-widget_type=\"button.default\">\n\t\t\t\t<div class=\"elementor-widget-container\">\n\t\t\t\t\t\t\t\t\t<div class=\"elementor-button-wrapper\">\n\t\t\t\t\t<a class=\"elementor-button elementor-button-link elementor-size-sm\" href=\"mailto:event@hotelcasarose.fr\">\n\t\t\t\t\t\t<span class=\"elementor-button-content-wrapper\">\n\t\t\t\t\t\t\t\t\t<span class=\"elementor-button-text\">Email<\/span>\n\t\t\t\t\t<\/span>\n\t\t\t\t\t<\/a>\n\t\t\t\t<\/div>\n\t\t\t\t\t\t\t\t<\/div>\n\t\t\t\t<\/div>\n\t\t\t\t\t<\/div>\n\t\t\t\t<\/div>\n\t\t\t\t<\/div>\n\t\t<div class=\"elementor-element elementor-element-5fac7ea e-con-full carousel_mob e-flex e-con e-parent\" data-id=\"5fac7ea\" data-element_type=\"container\" data-e-type=\"container\" data-settings=\"{&quot;jet_parallax_layout_list&quot;:[]}\">\n\t\t\t\t<div class=\"elementor-element elementor-element-46d9c0eb carousel_room carousel_room_home carousel_1 elementor-widget elementor-widget-jet-carousel\" data-id=\"46d9c0eb\" data-element_type=\"widget\" data-e-type=\"widget\" data-settings=\"{&quot;slides_to_show&quot;:&quot;1&quot;,&quot;slides_to_show_tablet&quot;:&quot;1&quot;,&quot;slides_to_show_mobile&quot;:&quot;1&quot;,&quot;slides_to_scroll_tablet&quot;:&quot;1&quot;,&quot;slides_to_scroll&quot;:&quot;1&quot;}\" data-widget_type=\"jet-carousel.default\">\n\t\t\t\t<div class=\"elementor-widget-container\">\n\t\t\t\t\t<div class=\"elementor-jet-carousel jet-elements\"><div class=\"jet-carousel-wrap jet-equal-cols\">\n\t<div class=\"jet-carousel\" data-slider_options=\"{&quot;autoplaySpeed&quot;:5000,&quot;autoplay&quot;:true,&quot;infinite&quot;:true,&quot;centerMode&quot;:false,&quot;centerPadding&quot;:&quot;50px&quot;,&quot;pauseOnHover&quot;:false,&quot;speed&quot;:500,&quot;arrows&quot;:true,&quot;dots&quot;:false,&quot;variableWidth&quot;:false,&quot;prevArrow&quot;:&quot;.jet-carousel__prev-arrow-46d9c0eb&quot;,&quot;nextArrow&quot;:&quot;.jet-carousel__next-arrow-46d9c0eb&quot;,&quot;rtl&quot;:false,&quot;fractionNav&quot;:false,&quot;fade&quot;:false}\" dir=\"ltr\">\n\t<div class=\"elementor-slick-slider\">\n\n<div class=\"jet-carousel__item\">\n\t<div class=\"jet-carousel__item-inner\"><img decoding=\"async\" src=\"https:\/\/hotelcasarose.fr\/wp-content\/uploads\/2022\/07\/event26-web.jpg\" class=\"jet-carousel__item-img\" alt=\"shooting mannequin h\u00f4tel casarose\" loading=\"lazy\" title=\"\"><div class=\"jet-carousel__content\"><p class=\"jet-carousel__item-title\">Event<\/p><\/div><\/div>\n<\/div>\n\n<div class=\"jet-carousel__item\">\n\t<div class=\"jet-carousel__item-inner\"><img decoding=\"async\" src=\"https:\/\/hotelcasarose.fr\/wp-content\/uploads\/2022\/07\/event23-web.jpg\" class=\"jet-carousel__item-img\" alt=\"shooting photo et tournage \u00e0 l&#039;h\u00f4tel casarose\" loading=\"lazy\" title=\"\"><div class=\"jet-carousel__content\"><p class=\"jet-carousel__item-title\">Event<\/p><\/div><\/div>\n<\/div>\n\n<div class=\"jet-carousel__item\">\n\t<div class=\"jet-carousel__item-inner\"><img decoding=\"async\" src=\"https:\/\/hotelcasarose.fr\/wp-content\/uploads\/2022\/07\/event13-web.jpg\" class=\"jet-carousel__item-img\" alt=\"shooting mannequin h\u00f4tel casarose\" loading=\"lazy\" title=\"\"><div class=\"jet-carousel__content\"><p class=\"jet-carousel__item-title\">Event<\/p><\/div><\/div>\n<\/div>\n\n<div class=\"jet-carousel__item\">\n\t<div class=\"jet-carousel__item-inner\"><img decoding=\"async\" src=\"https:\/\/hotelcasarose.fr\/wp-content\/uploads\/2022\/07\/event12-web.jpg\" class=\"jet-carousel__item-img\" alt=\"v\u00e9g\u00e9tation luxuriante h\u00f4tel casarose\" loading=\"lazy\" title=\"\"><div class=\"jet-carousel__content\"><p class=\"jet-carousel__item-title\">Event<\/p><\/div><\/div>\n<\/div>\n\n<div class=\"jet-carousel__item\">\n\t<div class=\"jet-carousel__item-inner\"><img decoding=\"async\" src=\"https:\/\/hotelcasarose.fr\/wp-content\/uploads\/2022\/07\/event24-web.jpg\" class=\"jet-carousel__item-img\" alt=\"shooting photo et tournage \u00e0 l&#039;h\u00f4tel casarose\" loading=\"lazy\" title=\"\"><div class=\"jet-carousel__content\"><p class=\"jet-carousel__item-title\">Event<\/p><\/div><\/div>\n<\/div>\n\n<div class=\"jet-carousel__item\">\n\t<div class=\"jet-carousel__item-inner\"><img decoding=\"async\" src=\"https:\/\/hotelcasarose.fr\/wp-content\/uploads\/2022\/07\/event25-web.jpg\" class=\"jet-carousel__item-img\" alt=\"shooting photo h\u00f4tel casarose\" loading=\"lazy\" title=\"\"><div class=\"jet-carousel__content\"><p class=\"jet-carousel__item-title\">Event<\/p><\/div><\/div>\n<\/div>\n\n<div class=\"jet-carousel__item\">\n\t<div class=\"jet-carousel__item-inner\"><img decoding=\"async\" src=\"https:\/\/hotelcasarose.fr\/wp-content\/uploads\/2022\/07\/event17-web.jpg\" class=\"jet-carousel__item-img\" alt=\"shooting mannequin h\u00f4tel casarose\" loading=\"lazy\" title=\"\"><div class=\"jet-carousel__content\"><p class=\"jet-carousel__item-title\">Event<\/p><\/div><\/div>\n<\/div>\n\n<div class=\"jet-carousel__item\">\n\t<div class=\"jet-carousel__item-inner\"><img decoding=\"async\" src=\"https:\/\/hotelcasarose.fr\/wp-content\/uploads\/2022\/07\/event16-web.jpg\" class=\"jet-carousel__item-img\" alt=\"cadre color\u00e9 \u00e0 l&#039;h\u00f4tel casarose\" loading=\"lazy\" title=\"\"><div class=\"jet-carousel__content\"><p class=\"jet-carousel__item-title\">Event<\/p><\/div><\/div>\n<\/div>\n\n<div class=\"jet-carousel__item\">\n\t<div class=\"jet-carousel__item-inner\"><img decoding=\"async\" src=\"https:\/\/hotelcasarose.fr\/wp-content\/uploads\/2022\/07\/event15-web.jpg\" class=\"jet-carousel__item-img\" alt=\"shooting mannequin h\u00f4tel casarose\" loading=\"lazy\" title=\"\"><div class=\"jet-carousel__content\"><p class=\"jet-carousel__item-title\">Event<\/p><\/div><\/div>\n<\/div>\n\n<div class=\"jet-carousel__item\">\n\t<div class=\"jet-carousel__item-inner\"><img decoding=\"async\" src=\"https:\/\/hotelcasarose.fr\/wp-content\/uploads\/2022\/07\/event14-web.jpg\" class=\"jet-carousel__item-img\" alt=\"shooting mannequin h\u00f4tel casarose\" loading=\"lazy\" title=\"\"><div class=\"jet-carousel__content\"><p class=\"jet-carousel__item-title\">Event<\/p><\/div><\/div>\n<\/div>\n\n<div class=\"jet-carousel__item\">\n\t<div class=\"jet-carousel__item-inner\"><img decoding=\"async\" src=\"https:\/\/hotelcasarose.fr\/wp-content\/uploads\/2022\/07\/event19-web.jpg\" class=\"jet-carousel__item-img\" alt=\"shooting mannequin h\u00f4tel casarose\" loading=\"lazy\" title=\"\"><div class=\"jet-carousel__content\"><p class=\"jet-carousel__item-title\">Event<\/p><\/div><\/div>\n<\/div>\n\n<div class=\"jet-carousel__item\">\n\t<div class=\"jet-carousel__item-inner\"><img decoding=\"async\" src=\"https:\/\/hotelcasarose.fr\/wp-content\/uploads\/2022\/07\/event21-web.jpg\" class=\"jet-carousel__item-img\" alt=\"shooting photo et tournage \u00e0 l&#039;h\u00f4tel casarose\" loading=\"lazy\" title=\"\"><div class=\"jet-carousel__content\"><p class=\"jet-carousel__item-title\">Event<\/p><\/div><\/div>\n<\/div>\n<\/div><div class=\"jet-carousel__prev-arrow-46d9c0eb jet-arrow prev-arrow\"><svg xmlns=\"http:\/\/www.w3.org\/2000\/svg\" xmlns:xlink=\"http:\/\/www.w3.org\/1999\/xlink\" id=\"Calque_1\" x=\"0px\" y=\"0px\" viewBox=\"0 0 63 100\" style=\"enable-background:new 0 0 63 100;\" xml:space=\"preserve\"><style type=\"text\/css\">\t.st0{fill:#FE90AF;}<\/style><polygon class=\"st0\" points=\"49.883,99.16 0.672,49.953 49.883,0.742 62.278,13.138 25.468,49.953 62.278,86.764 \"><\/polygon><\/svg><\/div><div class=\"jet-carousel__next-arrow-46d9c0eb jet-arrow next-arrow\"><svg xmlns=\"http:\/\/www.w3.org\/2000\/svg\" xmlns:xlink=\"http:\/\/www.w3.org\/1999\/xlink\" id=\"Calque_1\" x=\"0px\" y=\"0px\" viewBox=\"0 0 63 100\" style=\"enable-background:new 0 0 63 100;\" xml:space=\"preserve\"><style type=\"text\/css\">\t.st0{fill:#FE90AF;}<\/style><polygon class=\"st0\" points=\"13.068,0.742 62.278,49.949 13.068,99.16 0.672,86.764 37.482,49.949 0.672,13.138 \"><\/polygon><\/svg><\/div><\/div>\n<\/div>\n<\/div>\t\t\t\t<\/div>\n\t\t\t\t<\/div>\n\t\t\t\t<\/div>\n\t\t\t\t\t<\/div>\n\t\t\t\t<\/div>\n\t\t\t\t<\/div>\n\t\t","protected":false},"excerpt":{"rendered":"<p>Shooting &amp; Tournage Ready to shoot ! With its colourful rooms and vintage furniture selected by the interior designer Fran\u00e7ois Dumas, Hotel Casarose is the ideal location for film and photo shoots. With its retro-Californian style, colourful stripes, XXL surf posters and lush vegetation, an extraordinary scene is set. Contact us Email Event Event Event [&hellip;]<\/p>\n","protected":false},"author":6,"featured_media":0,"parent":0,"menu_order":23,"comment_status":"closed","ping_status":"closed","template":"","meta":{"footnotes":""},"class_list":["post-6433","page","type-page","status-publish","hentry"],"_links":{"self":[{"href":"https:\/\/hotelcasarose.fr\/en\/wp-json\/wp\/v2\/pages\/6433","targetHints":{"allow":["GET"]}}],"collection":[{"href":"https:\/\/hotelcasarose.fr\/en\/wp-json\/wp\/v2\/pages"}],"about":[{"href":"https:\/\/hotelcasarose.fr\/en\/wp-json\/wp\/v2\/types\/page"}],"author":[{"embeddable":true,"href":"https:\/\/hotelcasarose.fr\/en\/wp-json\/wp\/v2\/users\/6"}],"replies":[{"embeddable":true,"href":"https:\/\/hotelcasarose.fr\/en\/wp-json\/wp\/v2\/comments?post=6433"}],"version-history":[{"count":0,"href":"https:\/\/hotelcasarose.fr\/en\/wp-json\/wp\/v2\/pages\/6433\/revisions"}],"wp:attachment":[{"href":"https:\/\/hotelcasarose.fr\/en\/wp-json\/wp\/v2\/media?parent=6433"}],"curies":[{"name":"wp","href":"https:\/\/api.w.org\/{rel}","templated":true}]}}