{"id":5589,"date":"2022-06-14T11:22:29","date_gmt":"2022-06-14T09:22:29","guid":{"rendered":"https:\/\/hotelcasarose.fr\/the-vibe\/"},"modified":"2023-09-04T11:26:17","modified_gmt":"2023-09-04T09:26:17","slug":"the-vibe","status":"publish","type":"page","link":"https:\/\/hotelcasarose.fr\/en\/the-vibe\/","title":{"rendered":"The vibe"},"content":{"rendered":"\t\t<div data-elementor-type=\"wp-page\" data-elementor-id=\"5589\" class=\"elementor elementor-5589 elementor-1235\" data-elementor-post-type=\"page\">\n\t\t\t\t<div class=\"elementor-element elementor-element-078a087 hero_video e-flex e-con-boxed e-con e-parent\" data-id=\"078a087\" data-element_type=\"container\" data-e-type=\"container\" data-settings=\"{&quot;background_background&quot;:&quot;video&quot;,&quot;background_video_link&quot;:&quot;\\\/video\\\/casa_apro.mp4&quot;,&quot;background_play_on_mobile&quot;:&quot;yes&quot;,&quot;jet_parallax_layout_list&quot;:[]}\">\n\t\t\t\t\t<div class=\"e-con-inner\">\n\t\t<div class=\"elementor-background-video-container\">\n\t\t\t\t\t\t\t<video class=\"elementor-background-video-hosted\" role=\"presentation\" autoplay muted playsinline loop><\/video>\n\t\t\t\t\t<\/div>\t\t\t<\/div>\n\t\t\t\t<\/div>\n\t\t<div class=\"elementor-element elementor-element-51077f6 e-flex e-con-boxed e-con e-parent\" data-id=\"51077f6\" data-element_type=\"container\" data-e-type=\"container\" data-settings=\"{&quot;jet_parallax_layout_list&quot;:[]}\">\n\t\t\t\t\t<div class=\"e-con-inner\">\n\t\t<div class=\"elementor-element elementor-element-ebcb8ac e-con-full e-flex e-con e-parent\" data-id=\"ebcb8ac\" data-element_type=\"container\" data-e-type=\"container\" data-settings=\"{&quot;jet_parallax_layout_list&quot;:[]}\">\n\t\t\t\t<div class=\"elementor-element elementor-element-f4e2b5b elementor-widget elementor-widget-heading\" data-id=\"f4e2b5b\" data-element_type=\"widget\" data-e-type=\"widget\" data-widget_type=\"heading.default\">\n\t\t\t\t<div class=\"elementor-widget-container\">\n\t\t\t\t\t<h1 class=\"elementor-heading-title elementor-size-default\">The Casarose vibe<\/h1>\t\t\t\t<\/div>\n\t\t\t\t<\/div>\n\t\t\t\t<div class=\"elementor-element elementor-element-6628ee8 elementor-widget elementor-widget-text-editor\" data-id=\"6628ee8\" data-element_type=\"widget\" data-e-type=\"widget\" data-widget_type=\"text-editor.default\">\n\t\t\t\t<div class=\"elementor-widget-container\">\n\t\t\t\t\t\t\t\t\t<p>72 rooms and suites, with a vibe mixing retro-California and the French riviera in the 1970s.<\/p>\n<p>A nod to a joyous era, buzzy and full of freedom. This is the Casarose vibe. <br>A green oasis close to the Mediterranean. Casarose is relaxed chic, understated luxury and personalised, discreet service. <br>An outdoor bar, pool and a stunning shady terrace on which to sip a cocktail.<\/p>\n<p>The Rose restaurant is open to all and can be accessed from the riverbank.<\/p>\t\t\t\t\t\t\t\t<\/div>\n\t\t\t\t<\/div>\n\t\t\t\t<div class=\"elementor-element elementor-element-de26075 elementor-widget elementor-widget-text-editor\" data-id=\"de26075\" data-element_type=\"widget\" data-e-type=\"widget\" data-widget_type=\"text-editor.default\">\n\t\t\t\t<div class=\"elementor-widget-container\">\n\t\t\t\t\t\t\t\t\t<p>And life will always be La vie en rose !<\/p>\t\t\t\t\t\t\t\t<\/div>\n\t\t\t\t<\/div>\n\t\t\t\t<\/div>\n\t\t<div class=\"elementor-element elementor-element-01fd2b8 e-con-full elementor-hidden-mobile e-flex e-con e-parent\" data-id=\"01fd2b8\" data-element_type=\"container\" data-e-type=\"container\" data-settings=\"{&quot;jet_parallax_layout_list&quot;:[]}\">\n\t\t\t\t<div class=\"elementor-element elementor-element-221aa61 elementor-widget elementor-widget-image\" data-id=\"221aa61\" data-element_type=\"widget\" data-e-type=\"widget\" data-widget_type=\"image.default\">\n\t\t\t\t<div class=\"elementor-widget-container\">\n\t\t\t\t\t\t\t\t\t\t\t\t\t\t\t<img decoding=\"async\" src=\"https:\/\/hotelcasarose.fr\/wp-content\/uploads\/2022\/07\/GIF-Piscine-2.gif\" title=\"\" alt=\"\" loading=\"lazy\">\t\t\t\t\t\t\t\t\t\t\t\t\t\t\t<\/div>\n\t\t\t\t<\/div>\n\t\t\t\t<\/div>\n\t\t\t\t\t<\/div>\n\t\t\t\t<\/div>\n\t\t<div class=\"elementor-element elementor-element-4dd866ed carousel_mob e-flex e-con-boxed e-con e-parent\" data-id=\"4dd866ed\" data-element_type=\"container\" data-e-type=\"container\" data-settings=\"{&quot;jet_parallax_layout_list&quot;:[]}\">\n\t\t\t\t\t<div class=\"e-con-inner\">\n\t\t\t\t<div class=\"elementor-element elementor-element-a2417ff carousel_room carousel_simple elementor-widget elementor-widget-jet-carousel\" data-id=\"a2417ff\" data-element_type=\"widget\" data-e-type=\"widget\" data-settings=\"{&quot;slides_to_show&quot;:&quot;1&quot;,&quot;slides_to_show_tablet&quot;:&quot;1&quot;,&quot;slides_to_show_mobile&quot;:&quot;1&quot;,&quot;slides_to_scroll&quot;:&quot;1&quot;}\" data-widget_type=\"jet-carousel.default\">\n\t\t\t\t<div class=\"elementor-widget-container\">\n\t\t\t\t\t<div class=\"elementor-jet-carousel jet-elements\"><div class=\"jet-carousel-wrap jet-equal-cols\">\n\t<div class=\"jet-carousel\" data-slider_options=\"{&quot;autoplaySpeed&quot;:5000,&quot;autoplay&quot;:true,&quot;infinite&quot;:true,&quot;centerMode&quot;:false,&quot;centerPadding&quot;:&quot;50px&quot;,&quot;pauseOnHover&quot;:false,&quot;speed&quot;:500,&quot;arrows&quot;:true,&quot;dots&quot;:false,&quot;variableWidth&quot;:false,&quot;prevArrow&quot;:&quot;.jet-carousel__prev-arrow-a2417ff&quot;,&quot;nextArrow&quot;:&quot;.jet-carousel__next-arrow-a2417ff&quot;,&quot;rtl&quot;:false,&quot;fractionNav&quot;:false,&quot;fade&quot;:false}\" dir=\"ltr\">\n\t<div class=\"elementor-slick-slider\">\n\n<div class=\"jet-carousel__item\">\n\t<div class=\"jet-carousel__item-inner\"><a href=\"#\" class=\"jet-carousel__item-link\" ><img decoding=\"async\" src=\"https:\/\/hotelcasarose.fr\/wp-content\/uploads\/2022\/07\/esprit-web.jpg\" class=\"jet-carousel__item-img\" alt=\"enseigne lumineuse h\u00f4tel casarose\" loading=\"lazy\" title=\"\"><\/a><div class=\"jet-carousel__content\"><p class=\"jet-carousel__item-title\">Casa Esprit<\/p><\/div><\/div>\n<\/div>\n\n<div class=\"jet-carousel__item\">\n\t<div class=\"jet-carousel__item-inner\"><a href=\"#\" class=\"jet-carousel__item-link\" ><img decoding=\"async\" src=\"https:\/\/hotelcasarose.fr\/wp-content\/uploads\/2022\/07\/esprit3-web.jpg\" class=\"jet-carousel__item-img\" alt=\"piscine h\u00f4tel casarose\" loading=\"lazy\" title=\"\"><\/a><div class=\"jet-carousel__content\"><p class=\"jet-carousel__item-title\">Casa Esprit<\/p><\/div><\/div>\n<\/div>\n\n<div class=\"jet-carousel__item\">\n\t<div class=\"jet-carousel__item-inner\"><a href=\"#\" class=\"jet-carousel__item-link\" ><img decoding=\"async\" src=\"https:\/\/hotelcasarose.fr\/wp-content\/uploads\/2022\/07\/esprit2-web.jpg\" class=\"jet-carousel__item-img\" alt=\"terrasse restaurant rose\" loading=\"lazy\" title=\"\"><\/a><div class=\"jet-carousel__content\"><p class=\"jet-carousel__item-title\">Casa Esprit<\/p><\/div><\/div>\n<\/div>\n\n<div class=\"jet-carousel__item\">\n\t<div class=\"jet-carousel__item-inner\"><a href=\"#\" class=\"jet-carousel__item-link\" ><img decoding=\"async\" src=\"https:\/\/hotelcasarose.fr\/wp-content\/uploads\/2022\/07\/esprit4-web.jpg\" class=\"jet-carousel__item-img\" alt=\"vue sur l&#039;h\u00f4tel casarose \u00e0 mandelieu\" loading=\"lazy\" title=\"\"><\/a><div class=\"jet-carousel__content\"><p class=\"jet-carousel__item-title\">Casa Esprit<\/p><\/div><\/div>\n<\/div>\n\n<div class=\"jet-carousel__item\">\n\t<div class=\"jet-carousel__item-inner\"><a href=\"#\" class=\"jet-carousel__item-link\" ><img decoding=\"async\" src=\"https:\/\/hotelcasarose.fr\/wp-content\/uploads\/2022\/07\/esprit5-web.jpg\" class=\"jet-carousel__item-img\" alt=\"s\u00e9jour h\u00f4tel casarose pr\u00e8s de cannes\" loading=\"lazy\" title=\"\"><\/a><div class=\"jet-carousel__content\"><p class=\"jet-carousel__item-title\">Casa Esprit<\/p><\/div><\/div>\n<\/div>\n\n<div class=\"jet-carousel__item\">\n\t<div class=\"jet-carousel__item-inner\"><a href=\"#\" class=\"jet-carousel__item-link\" ><img decoding=\"async\" src=\"https:\/\/hotelcasarose.fr\/wp-content\/uploads\/2022\/07\/esprit6-web.jpg\" class=\"jet-carousel__item-img\" alt=\"tables du restaurant rose\" loading=\"lazy\" title=\"\"><\/a><div class=\"jet-carousel__content\"><p class=\"jet-carousel__item-title\">Casa Esprit<\/p><\/div><\/div>\n<\/div>\n\n<div class=\"jet-carousel__item\">\n\t<div class=\"jet-carousel__item-inner\"><a href=\"#\" class=\"jet-carousel__item-link\" ><img decoding=\"async\" src=\"https:\/\/hotelcasarose.fr\/wp-content\/uploads\/2022\/07\/esprit7-web.jpg\" class=\"jet-carousel__item-img\" alt=\"vue a\u00e9rienne entr\u00e9e h\u00f4tel casarose\" loading=\"lazy\" title=\"\"><\/a><div class=\"jet-carousel__content\"><p class=\"jet-carousel__item-title\">Casa Esprit<\/p><\/div><\/div>\n<\/div>\n\n<div class=\"jet-carousel__item\">\n\t<div class=\"jet-carousel__item-inner\"><a href=\"#\" class=\"jet-carousel__item-link\" ><img decoding=\"async\" src=\"https:\/\/hotelcasarose.fr\/wp-content\/uploads\/2022\/07\/esprit9-web.jpg\" class=\"jet-carousel__item-img\" alt=\"casa suite h\u00f4tel casarose\" loading=\"lazy\" title=\"\"><\/a><div class=\"jet-carousel__content\"><p class=\"jet-carousel__item-title\">Casa Esprit<\/p><\/div><\/div>\n<\/div>\n\n<div class=\"jet-carousel__item\">\n\t<div class=\"jet-carousel__item-inner\"><a href=\"#\" class=\"jet-carousel__item-link\" ><img decoding=\"async\" src=\"https:\/\/hotelcasarose.fr\/wp-content\/uploads\/2022\/07\/esprit10-web.jpg\" class=\"jet-carousel__item-img\" alt=\"cadre color\u00e9 \u00e0 l&#039;h\u00f4tel casarose\" loading=\"lazy\" title=\"\"><\/a><div class=\"jet-carousel__content\"><p class=\"jet-carousel__item-title\">Casa Esprit<\/p><\/div><\/div>\n<\/div>\n<\/div><div class=\"jet-carousel__prev-arrow-a2417ff jet-arrow prev-arrow\"><svg xmlns=\"http:\/\/www.w3.org\/2000\/svg\" xmlns:xlink=\"http:\/\/www.w3.org\/1999\/xlink\" id=\"Calque_1\" x=\"0px\" y=\"0px\" viewBox=\"0 0 63 100\" style=\"enable-background:new 0 0 63 100;\" xml:space=\"preserve\"><style type=\"text\/css\">\t.st0{fill:#FE90AF;}<\/style><polygon class=\"st0\" points=\"49.883,99.16 0.672,49.953 49.883,0.742 62.278,13.138 25.468,49.953 62.278,86.764 \"><\/polygon><\/svg><\/div><div class=\"jet-carousel__next-arrow-a2417ff jet-arrow next-arrow\"><svg xmlns=\"http:\/\/www.w3.org\/2000\/svg\" xmlns:xlink=\"http:\/\/www.w3.org\/1999\/xlink\" id=\"Calque_1\" x=\"0px\" y=\"0px\" viewBox=\"0 0 63 100\" style=\"enable-background:new 0 0 63 100;\" xml:space=\"preserve\"><style type=\"text\/css\">\t.st0{fill:#FE90AF;}<\/style><polygon class=\"st0\" points=\"13.068,0.742 62.278,49.949 13.068,99.16 0.672,86.764 37.482,49.949 0.672,13.138 \"><\/polygon><\/svg><\/div><\/div>\n<\/div>\n<\/div>\t\t\t\t<\/div>\n\t\t\t\t<\/div>\n\t\t\t\t\t<\/div>\n\t\t\t\t<\/div>\n\t\t<div class=\"elementor-element elementor-element-39aa0e09 carousel_mob e-flex e-con-boxed e-con e-parent\" data-id=\"39aa0e09\" data-element_type=\"container\" data-e-type=\"container\" data-settings=\"{&quot;jet_parallax_layout_list&quot;:[]}\">\n\t\t\t\t\t<div class=\"e-con-inner\">\n\t\t\t\t<div class=\"elementor-element elementor-element-5f95644c carousel_agenda carousel_experience shadow_color elementor-widget elementor-widget-jet-posts\" data-id=\"5f95644c\" data-element_type=\"widget\" data-e-type=\"widget\" data-settings=\"{&quot;columns_tablet&quot;:&quot;2&quot;,&quot;columns_mobile&quot;:&quot;1&quot;,&quot;columns&quot;:3,&quot;slides_to_scroll&quot;:&quot;1&quot;}\" data-widget_type=\"jet-posts.default\">\n\t\t\t\t<div class=\"elementor-widget-container\">\n\t\t\t\t\t<div class=\"elementor-jet-posts jet-elements\"><div class=\"jet-carousel elementor-slick-slider\" data-slider_options=\"{&quot;autoplaySpeed&quot;:5000,&quot;autoplay&quot;:true,&quot;infinite&quot;:true,&quot;pauseOnHover&quot;:false,&quot;speed&quot;:500,&quot;arrows&quot;:true,&quot;dots&quot;:false,&quot;slidesToScroll&quot;:1,&quot;prevArrow&quot;:&quot;.jet-posts__prev-arrow-5f95644c&quot;,&quot;nextArrow&quot;:&quot;.jet-posts__next-arrow-5f95644c&quot;,&quot;rtl&quot;:false}\" dir=\"ltr\"><div class=\"jet-posts col-row  jet-equal-cols\"><div class=\"jet-posts__prev-arrow-5f95644c jet-arrow prev-arrow\"><svg xmlns=\"http:\/\/www.w3.org\/2000\/svg\" xmlns:xlink=\"http:\/\/www.w3.org\/1999\/xlink\" id=\"Calque_1\" x=\"0px\" y=\"0px\" viewBox=\"0 0 63 100\" style=\"enable-background:new 0 0 63 100;\" xml:space=\"preserve\"><style type=\"text\/css\">\t.st0{fill:#FE90AF;}<\/style><polygon class=\"st0\" points=\"49.883,99.16 0.672,49.953 49.883,0.742 62.278,13.138 25.468,49.953 62.278,86.764 \"><\/polygon><\/svg><\/div><div class=\"jet-posts__next-arrow-5f95644c jet-arrow next-arrow\"><svg xmlns=\"http:\/\/www.w3.org\/2000\/svg\" xmlns:xlink=\"http:\/\/www.w3.org\/1999\/xlink\" id=\"Calque_1\" x=\"0px\" y=\"0px\" viewBox=\"0 0 63 100\" style=\"enable-background:new 0 0 63 100;\" xml:space=\"preserve\"><style type=\"text\/css\">\t.st0{fill:#FE90AF;}<\/style><polygon class=\"st0\" points=\"13.068,0.742 62.278,49.949 13.068,99.16 0.672,86.764 37.482,49.949 0.672,13.138 \"><\/polygon><\/svg><\/div><div class=\"jet-posts__item\">\n\t<div class=\"jet-posts__inner-box\"><div class=\"post-thumbnail\"><a href=\"https:\/\/hotelcasarose.fr\/en\/rooms\/casa-prime\/\" class=\"post-thumbnail__link\"><img loading=\"lazy\" decoding=\"async\" class=\"post-thumbnail__img wp-post-image\" src=\"https:\/\/hotelcasarose.fr\/wp-content\/uploads\/2022\/06\/casaprime4-web.jpg\" alt=\"Casa Prime\" loading=\"lazy\" width=\"1200\" height=\"800\" title=\"\"><\/a><\/div><div class=\"jet-posts__inner-content\"><h4 class=\"entry-title\"><a href=\"https:\/\/hotelcasarose.fr\/en\/rooms\/casa-prime\/\" target=\"\">Casa Prime<\/a><\/h4><\/div><\/div>\n<\/div>\n<div class=\"jet-posts__item\">\n\t<div class=\"jet-posts__inner-box\"><div class=\"post-thumbnail\"><a href=\"https:\/\/hotelcasarose.fr\/en\/rooms\/casa-signature\/\" class=\"post-thumbnail__link\"><img loading=\"lazy\" decoding=\"async\" class=\"post-thumbnail__img wp-post-image\" src=\"https:\/\/hotelcasarose.fr\/wp-content\/uploads\/2022\/07\/signature-web.jpg\" alt=\"Casa Signature\" loading=\"lazy\" width=\"800\" height=\"534\" title=\"\"><\/a><\/div><div class=\"jet-posts__inner-content\"><h4 class=\"entry-title\"><a href=\"https:\/\/hotelcasarose.fr\/en\/rooms\/casa-signature\/\" target=\"\">Casa Signature<\/a><\/h4><\/div><\/div>\n<\/div>\n<div class=\"jet-posts__item\">\n\t<div class=\"jet-posts__inner-box\"><div class=\"post-thumbnail\"><a href=\"https:\/\/hotelcasarose.fr\/en\/rooms\/casa-ma-tribu\/\" class=\"post-thumbnail__link\"><img loading=\"lazy\" decoding=\"async\" class=\"post-thumbnail__img wp-post-image\" src=\"https:\/\/hotelcasarose.fr\/wp-content\/uploads\/2022\/06\/0ff4268b-2194-4005-b1f5-8e6c85932b2b.webp\" alt=\"Casa Ma Tribu\" loading=\"lazy\" width=\"2062\" height=\"1375\" title=\"\"><\/a><\/div><div class=\"jet-posts__inner-content\"><h4 class=\"entry-title\"><a href=\"https:\/\/hotelcasarose.fr\/en\/rooms\/casa-ma-tribu\/\" target=\"\">Casa Ma Tribu<\/a><\/h4><\/div><\/div>\n<\/div>\n<div class=\"jet-posts__item\">\n\t<div class=\"jet-posts__inner-box\"><div class=\"post-thumbnail\"><a href=\"https:\/\/hotelcasarose.fr\/en\/rooms\/casa-signature-river-view\/\" class=\"post-thumbnail__link\"><img loading=\"lazy\" decoding=\"async\" class=\"post-thumbnail__img wp-post-image\" src=\"https:\/\/hotelcasarose.fr\/wp-content\/uploads\/2022\/06\/casa-riverview4-web-2.jpg\" alt=\"Casa Signature River View\" loading=\"lazy\" width=\"800\" height=\"533\" title=\"\"><\/a><\/div><div class=\"jet-posts__inner-content\"><h4 class=\"entry-title\"><a href=\"https:\/\/hotelcasarose.fr\/en\/rooms\/casa-signature-river-view\/\" target=\"\">Casa Signature River View<\/a><\/h4><\/div><\/div>\n<\/div>\n<div class=\"jet-posts__item\">\n\t<div class=\"jet-posts__inner-box\"><div class=\"post-thumbnail\"><a href=\"https:\/\/hotelcasarose.fr\/en\/rooms\/casa-suite\/\" class=\"post-thumbnail__link\"><img loading=\"lazy\" decoding=\"async\" class=\"post-thumbnail__img wp-post-image\" src=\"https:\/\/hotelcasarose.fr\/wp-content\/uploads\/2022\/06\/casa-suite2-web.jpg\" alt=\"Casa Suite\" loading=\"lazy\" width=\"1200\" height=\"800\" title=\"\"><\/a><\/div><div class=\"jet-posts__inner-content\"><h4 class=\"entry-title\"><a href=\"https:\/\/hotelcasarose.fr\/en\/rooms\/casa-suite\/\" target=\"\">Casa Suite<\/a><\/h4><\/div><\/div>\n<\/div>\n<div class=\"jet-posts__item\">\n\t<div class=\"jet-posts__inner-box\"><div class=\"post-thumbnail\"><a href=\"https:\/\/hotelcasarose.fr\/en\/rooms\/casa-rose\/\" class=\"post-thumbnail__link\"><img loading=\"lazy\" decoding=\"async\" class=\"post-thumbnail__img wp-post-image\" src=\"https:\/\/hotelcasarose.fr\/wp-content\/uploads\/2022\/07\/rose-web.jpg\" alt=\"Casa Rose\" loading=\"lazy\" width=\"800\" height=\"534\" title=\"\"><\/a><\/div><div class=\"jet-posts__inner-content\"><h4 class=\"entry-title\"><a href=\"https:\/\/hotelcasarose.fr\/en\/rooms\/casa-rose\/\" target=\"\">Casa Rose<\/a><\/h4><\/div><\/div>\n<\/div>\n<div class=\"jet-posts__item\">\n\t<div class=\"jet-posts__inner-box\"><div class=\"post-thumbnail\"><a href=\"https:\/\/hotelcasarose.fr\/en\/rooms\/casa-suite-river-view\/\" class=\"post-thumbnail__link\"><img loading=\"lazy\" decoding=\"async\" class=\"post-thumbnail__img wp-post-image\" src=\"https:\/\/hotelcasarose.fr\/wp-content\/uploads\/2022\/06\/casa-suite3-web-2.jpg\" alt=\"Casa Suite River View\" loading=\"lazy\" width=\"800\" height=\"1201\" title=\"\"><\/a><\/div><div class=\"jet-posts__inner-content\"><h4 class=\"entry-title\"><a href=\"https:\/\/hotelcasarose.fr\/en\/rooms\/casa-suite-river-view\/\" target=\"\">Casa Suite River View<\/a><\/h4><\/div><\/div>\n<\/div>\n<\/div>\n<\/div><\/div>\t\t\t\t<\/div>\n\t\t\t\t<\/div>\n\t\t\t\t\t<\/div>\n\t\t\t\t<\/div>\n\t\t\t\t<\/div>\n\t\t","protected":false},"excerpt":{"rendered":"<p>The Casarose vibe 72 rooms and suites, with a vibe mixing retro-California and the French riviera in the 1970s. A nod to a joyous era, buzzy and full of freedom. This is the Casarose vibe. A green oasis close to the Mediterranean. Casarose is relaxed chic, understated luxury and personalised, discreet service. An outdoor bar, [&hellip;]<\/p>\n","protected":false},"author":6,"featured_media":0,"parent":0,"menu_order":24,"comment_status":"closed","ping_status":"closed","template":"","meta":{"footnotes":""},"class_list":["post-5589","page","type-page","status-publish","hentry"],"_links":{"self":[{"href":"https:\/\/hotelcasarose.fr\/en\/wp-json\/wp\/v2\/pages\/5589","targetHints":{"allow":["GET"]}}],"collection":[{"href":"https:\/\/hotelcasarose.fr\/en\/wp-json\/wp\/v2\/pages"}],"about":[{"href":"https:\/\/hotelcasarose.fr\/en\/wp-json\/wp\/v2\/types\/page"}],"author":[{"embeddable":true,"href":"https:\/\/hotelcasarose.fr\/en\/wp-json\/wp\/v2\/users\/6"}],"replies":[{"embeddable":true,"href":"https:\/\/hotelcasarose.fr\/en\/wp-json\/wp\/v2\/comments?post=5589"}],"version-history":[{"count":0,"href":"https:\/\/hotelcasarose.fr\/en\/wp-json\/wp\/v2\/pages\/5589\/revisions"}],"wp:attachment":[{"href":"https:\/\/hotelcasarose.fr\/en\/wp-json\/wp\/v2\/media?parent=5589"}],"curies":[{"name":"wp","href":"https:\/\/api.w.org\/{rel}","templated":true}]}}